{"id":3,"date":"2025-08-29T08:36:53","date_gmt":"2025-08-29T08:36:53","guid":{"rendered":"http:\/\/transporteuropa.eu\/?page_id=3"},"modified":"2025-10-26T17:35:47","modified_gmt":"2025-10-26T17:35:47","slug":"politica-de-confidentialitate","status":"publish","type":"page","link":"https:\/\/transporteuropa.eu\/it\/politica-de-confidentialitate\/","title":{"rendered":"Politica sulla riservatezza"},"content":{"rendered":"<div data-elementor-type=\"wp-page\" data-elementor-id=\"3\" class=\"elementor elementor-3\">\n\t\t\t\t<div class=\"elementor-element elementor-element-0707af8 e-flex e-con-boxed e-con e-parent\" data-id=\"0707af8\" data-element_type=\"container\" data-settings=\"{&quot;background_background&quot;:&quot;classic&quot;}\">\n\t\t\t\t\t<div class=\"e-con-inner\">\n\t\t<div class=\"elementor-element elementor-element-ff65f3f e-con-full e-flex e-con e-child\" data-id=\"ff65f3f\" data-element_type=\"container\">\n\t\t\t\t<div class=\"elementor-element elementor-element-270ce90 elementor-widget elementor-widget-heading\" data-id=\"270ce90\" data-element_type=\"widget\" data-widget_type=\"heading.default\">\n\t\t\t\t<div class=\"elementor-widget-container\">\n\t\t\t\t\t<h1 class=\"elementor-heading-title elementor-size-default\">Politica sulla riservatezza<\/h1>\t\t\t\t<\/div>\n\t\t\t\t<\/div>\n\t\t\t\t<\/div>\n\t\t\t\t\t<\/div>\n\t\t\t\t<\/div>\n\t\t<div class=\"elementor-element elementor-element-5e824e5 e-flex e-con-boxed e-con e-parent\" data-id=\"5e824e5\" data-element_type=\"container\" data-settings=\"{&quot;background_background&quot;:&quot;classic&quot;}\">\n\t\t\t\t\t<div class=\"e-con-inner\">\n\t\t<div class=\"elementor-element elementor-element-acb5396 e-con-full e-flex e-con e-child\" data-id=\"acb5396\" data-element_type=\"container\">\n\t\t\t\t<div class=\"elementor-element elementor-element-4f9e057 elementor-widget elementor-widget-heading\" data-id=\"4f9e057\" data-element_type=\"widget\" data-widget_type=\"heading.default\">\n\t\t\t\t<div class=\"elementor-widget-container\">\n\t\t\t\t\t<h3 class=\"elementor-heading-title elementor-size-default\">politica sulla riservatezza<\/h3>\t\t\t\t<\/div>\n\t\t\t\t<\/div>\n\t\t\t\t<\/div>\n\t\t\t\t\t<\/div>\n\t\t\t\t<\/div>\n\t\t<div class=\"elementor-element elementor-element-15b2f8a e-flex e-con-boxed e-con e-parent\" data-id=\"15b2f8a\" data-element_type=\"container\" data-settings=\"{&quot;background_background&quot;:&quot;classic&quot;}\">\n\t\t\t\t\t<div class=\"e-con-inner\">\n\t\t<div class=\"elementor-element elementor-element-5810248 e-con-full e-flex e-con e-child\" data-id=\"5810248\" data-element_type=\"container\" data-settings=\"{&quot;background_background&quot;:&quot;classic&quot;}\">\n\t\t\t\t<div class=\"elementor-element elementor-element-d34a0fe elementor-widget elementor-widget-text-editor\" data-id=\"d34a0fe\" data-element_type=\"widget\" data-widget_type=\"text-editor.default\">\n\t\t\t\t<div class=\"elementor-widget-container\">\n\t\t\t\t\t\t\t\t\t\n<p class=\"wp-block-heading\">La riservatezza dei tuoi dati personali \u00e8 una delle principali preoccupazioni di ., con sede in Jud. , Str. \u2026, CUI: , Numero di registrazione: , in qualit\u00e0 di titolare del trattamento. Il nostro partner [Nome dell&#039;azienda in Italia] pu\u00f2 ricevere i dati solo allo scopo di gestire le richieste di preventivo per il trasporto internazionale. [Nome dell&#039;azienda in Romania] e [Nome dell&#039;azienda in Italia] agiscono in qualit\u00e0 di titolari associati del trattamento dei dati personali ricevuti tramite questo sito.<\/p>\n\n<p>In conformit\u00e0 con quanto previsto dal Regolamento UE 2016\/679 \u2013 Regolamento generale sulla protezione dei dati \u2013 GDPR), il presente documento ha lo scopo di informarti sul trattamento dei tuoi dati personali, nell\u2019ambito dell\u2019utilizzo del sito web transporteuropa.eu.<\/p>\n\n<h2 class=\"wp-block-heading\">Categorie di dati personali trattati<\/h2>\n\n<p>Se sei un visitatore del sito web, la nostra azienda tratter\u00e0 i tuoi dati personali che fornisci direttamente nel contesto dell&#039;utilizzo del sito web, come i dati che fornisci nella sezione contatti, nella misura in cui ci contatti tramite il modulo di contatto:<\/p>\n\n<ul class=\"wp-block-list\">\n<li>Nome e cognome<\/li>\n\n<li>Numero di telefono<\/li>\n\n<li>Indirizzo e-mail<\/li>\n\n<li>Messaggio (richiesta commerciale)<\/li>\n<\/ul>\n\n<p>Questi dati saranno considerati riservati e rimarranno strettamente riservati all&#039;azienda...senza essere divulgati a terzi per altri usi.<\/p>\n\n<p>Utilizziamo tutti questi dati per poter collaborare con voi in modo rapido ed efficiente e affinch\u00e9 le azioni intraprese possano essere completate con successo da entrambe le parti.<\/p>\n\n<p>Fornendo il tuo indirizzo e-mail, numero di telefono o altri dati personali sul sito web www.gardensysteme.ro, acconsenti espressamente e inequivocabilmente all&#039;inserimento dei tuoi dati personali nel database dell&#039;azienda..., al loro trattamento e utilizzo futuro da parte della stessa.<\/p>\n\n<p>\u00a0<\/p>\n\n<h2 class=\"wp-block-heading\">Finalit\u00e0 e basi giuridiche del trattamento dei dati<\/h2>\n\n<p>Per attivit\u00e0 commerciali, rispettivamente per la trasmissione, tramite mezzi di comunicazione a distanza (email o telefono), dell\u2019offerta commerciale proposta da \u2026\u2026\u2026.., richiesta tramite il form di contatto sopra indicato.<\/p>\n\n<p>Per attivit\u00e0 di marketing, vale a dire invio di offerte speciali, promozioni, messaggi pubblicitari e di marketing, esecuzione di statistiche interne.<\/p>\n\n<p><strong>Il conferimento dei dati per questa finalit\u00e0 \u00e8 facoltativo.<\/strong>\u00a0Il rifiuto di prestare il consenso al trattamento dei tuoi dati per questa finalit\u00e0 non avr\u00e0 conseguenze negative per te.<\/p>\n\n<h2 class=\"wp-block-heading\">Da chi raccogliamo i dati personali?<\/h2>\n\n<p>Direttamente da te compilando il modulo di contatto o se ci contatti telefonicamente;<\/p>\n\n<p>Dati sul traffico provenienti dal browser dell&#039;utente;<\/p>\n\n<p>Attraverso i cookie.<\/p>\n\n<p>Quando visiti un sito web, trasmetti una serie di informazioni su di te, come il tuo indirizzo IP, l&#039;orario della tua visita al sito web, la posizione da cui sei entrato nel sito, informazioni sul tuo dispositivo (come il modello hardware, la versione del sistema operativo, il browser utilizzato, ecc.). In accordo con altri operatori, registriamo queste informazioni al fine di migliorare l&#039;esperienza dell&#039;utente e la qualit\u00e0 dei servizi offerti.<\/p>\n\n<p>Puoi fornirci i tuoi dati personali volontariamente, senza perseguire la conclusione di una collaborazione, oppure obbligatoriamente, per la conclusione di un contratto, la sua registrazione e l&#039;emissione di una fattura.<\/p>\n\n<h2 class=\"wp-block-heading\">Condivisione dei dati personali<\/h2>\n\n<p>Non vendiamo n\u00e9 trasmettiamo i tuoi dati personali a terzi.<\/p>\n\n<p>Per adempiere alle finalit\u00e0 del trattamento, \u2026\u2026. potr\u00e0 comunicare i Suoi dati a soggetti terzi interni all\u2019azienda ai fini dello svolgimento dell\u2019attivit\u00e0 tramite il sito web, ovvero ad autorit\u00e0 pubbliche centrali\/locali, nei seguenti casi esemplificativi elencati:<\/p>\n\n<ul class=\"wp-block-list\">\n<li>Per l&#039;amministrazione e la manutenzione del sito web;<\/li>\n\n<li>Per mantenere, personalizzare e migliorare il sito web e i servizi forniti attraverso lo stesso;<\/li>\n\n<li>Per eseguire analisi, test e ricerche sui dati, monitorare le tendenze di utilizzo e attivit\u00e0 o sviluppare funzionalit\u00e0 di sicurezza;<\/li>\n\n<li>Per l&#039;invio di comunicazioni commerciali di marketing, alle condizioni e nei limiti previsti dalla legge;<\/li>\n\n<li>Quando la divulgazione dei dati personali \u00e8 richiesta dalla legge, ecc.<\/li>\n<\/ul>\n\n<p>Sono contrattualmente obbligati a mantenere la riservatezza dei dati e ad utilizzarli esclusivamente per lo scopo per cui sono stati forniti.<\/p>\n\n<h2 class=\"wp-block-heading\">La durata per la quale trattiamo i tuoi dati<\/h2>\n\n<p>In linea di principio, \u2026\u2026\u2026\u2026 tratter\u00e0 i tuoi dati personali nella misura necessaria al raggiungimento delle finalit\u00e0 di trattamento sopra menzionate.<\/p>\n\n<p>Se sei un cliente, tratteremo i tuoi dati per tutta la durata del rapporto contrattuale e successivamente in ottemperanza agli obblighi di legge incombenti su \u2026\u2026\u2026\u2026\u2026. (ad esempio, nel caso di documenti giustificativi finanziari e contabili per i quali il periodo di conservazione previsto dalla legge \u00e8 di 10 anni dalla data di fine dell&#039;esercizio in cui sono stati redatti).<\/p>\n\n<p>Qualora revochi il consenso al trattamento dei dati per finalit\u00e0 commerciali e\/o di marketing, \u2026\u2026\u2026\u2026.. cesser\u00e0 di trattare i tuoi dati personali per tale finalit\u00e0, senza che ci\u00f2 pregiudichi il trattamento effettuato da \u2026\u2026\u2026.. sulla base del consenso da te espresso prima della revoca.<\/p>\n\n<h2 class=\"wp-block-heading\">Misure di sicurezza<\/h2>\n\n<p>Nell&#039;ambito della gestione del sito web, abbiamo adottato misure tecniche e organizzative per garantire un livello di sicurezza adeguato ai rischi connessi al trattamento dei dati. A tal fine, abbiamo sviluppato e implementato policy di sicurezza dei dati e altre pratiche in materia di privacy. Inoltre, le nostre procedure di sicurezza vengono costantemente riviste in base ai nuovi sviluppi tecnologici.<\/p>\n\n<p>Verrete informati di una violazione dei dati entro un termine ragionevole dalla scoperta di tale violazione, a meno che un ente pubblico competente non determini che la notifica ostacolerebbe un&#039;indagine penale o danneggerebbe la sicurezza nazionale. In tal caso, la notifica sar\u00e0 ritardata, secondo le indicazioni di tale ente. Risponderemo tempestivamente alle vostre domande in merito a tale violazione dei dati.<\/p>\n\n<h2 class=\"wp-block-heading\">I diritti di cui benefici<\/h2>\n\n<p>Alle condizioni previste dalla normativa in materia di trattamento dei dati personali, in qualit\u00e0 di interessati, Lei beneficia dei seguenti diritti:<\/p>\n\n<p><strong>Il diritto di revocare il consenso.<\/strong>\u00a0Puoi revocare in qualsiasi momento il consenso al trattamento dei tuoi dati personali, anche se ce l&#039;hai precedentemente fornito.<\/p>\n\n<p><strong>Il diritto all&#039;informazione<\/strong>, rispettivamente il diritto di ricevere dettagli riguardanti le attivit\u00e0 di trattamento svolte da \u2026\u2026\u2026., come descritte nel presente documento.<\/p>\n\n<p><strong>Diritto di accesso ai dati<\/strong>, rispettivamente il diritto di ottenere da \u2026\u2026\u2026\u2026. la conferma dell&#039;esistenza o meno di dati personali trattati, nonch\u00e9 i dettagli relativi alle attivit\u00e0 di trattamento, quali le modalit\u00e0 del trattamento, le finalit\u00e0 del trattamento, i destinatari o le categorie di destinatari dei dati, ecc.<\/p>\n\n<p><strong>Diritto di rettifica<\/strong>, rispettivamente il diritto di ottenere la rettifica, senza giustificato ritardo, da parte di \u2026\u2026. dei dati personali inesatti\/ingiustificati, nonch\u00e9 l&#039;integrazione dei dati incompleti; La rettifica\/integrazione sar\u00e0 comunicata a ciascuno dei destinatari cui sono stati trasmessi i dati, salvo che ci\u00f2 si riveli impossibile o implichi uno sforzo sproporzionato.<\/p>\n\n<p><strong>Diritto alla limitazione del trattamento.<\/strong>\u00a0Hai il diritto di limitare il trattamento dei tuoi dati personali. In tal caso, \u2026\u2026\u2026\u2026 non tratter\u00e0 i dati per scopi diversi dalla loro conservazione.<\/p>\n\n<p><strong>Diritto alla portabilit\u00e0 dei dati<\/strong>, rispettivamente il diritto di ricevere i dati personali in un formato strutturato, di uso comune e facilmente leggibile, nonch\u00e9 il diritto che tali dati siano trasmessi da \u2026\u2026\u2026.. a un altro titolare del trattamento, nei limiti in cui ricorrano le condizioni previste dalla legge.<\/p>\n\n<p><strong>Diritto alla cancellazione dei dati<\/strong>, senza ingiustificato ritardo (&quot;diritto all&#039;oblio&quot;). Tale diritto si applica a determinate condizioni: se i dati non sono pi\u00f9 necessari per le finalit\u00e0 per le quali sono stati raccolti, se il consenso \u00e8 stato revocato, se \u00e8 stato esercitato il diritto di opposizione, se sono stati trattati illecitamente, per adempiere ad obblighi di legge o sono stati raccolti in relazione alla fornitura di servizi della societ\u00e0 dell&#039;informazione conformemente al diritto dell&#039;Unione o al diritto nazionale cui \u00e8 soggetto il titolare del trattamento.<\/p>\n\n<p><strong>Il diritto di rivolgersi a te<\/strong>\u00a0L&#039;Autorit\u00e0 nazionale di controllo per il trattamento dei dati personali o i tribunali competenti, nella misura in cui lo ritenga necessario.<\/p>\n\n<h2 class=\"wp-block-heading\">Aggiornamenti alla presente Informativa sul trattamento dei dati personali<\/h2>\n\n<p>L&#039;ultimo aggiornamento della presente Informativa sulla privacy \u00e8 stato effettuato a marzo 2024. Ci riserviamo il diritto di aggiornare e modificare periodicamente la presente Informativa sulla privacy per riflettere eventuali modifiche al modo in cui trattiamo i tuoi dati personali o eventuali modifiche ai requisiti legali. Tutti gli aggiornamenti e le modifiche alla presente Informativa saranno efficaci immediatamente dopo la notifica, che verr\u00e0 effettuata tramite pubblicazione sul sito web e\/o notifica via e-mail.<\/p>\n\n<p>Per qualsiasi ulteriore domanda riguardante le modalit\u00e0 di trattamento dei dati personali e per esercitare i diritti sopra menzionati, si prega di contattare l&#039;indirizzo e-mail: \u2026\u2026\u2026\u2026\u2026\u2026.<\/p>\n\n<p>Questo sito web utilizza i cookie. Per maggiori informazioni su come vengono utilizzati questi file, consultare l&#039;informativa sui cookie.<\/p>\n\t\t\t\t\t\t\t\t<\/div>\n\t\t\t\t<\/div>\n\t\t\t\t<\/div>\n\t\t\t\t\t<\/div>\n\t\t\t\t<\/div>\n\t\t\t\t<\/div>","protected":false},"excerpt":{"rendered":"<p>Politica confiden\u021bialitate Politica de confiden\u021bialitate Confidentialitatea datelor dumneavoastra cu caracter personal reprezinta una dintre preocuparile principale ale ., cu sediul in Jud. , Str. &#8230;, CUI: , Nr. inregistrare: , in calitate de operator de date. Partenerul nostru [Numele firmei din Italia] poate primi datele doar \u00een scopul gestion\u0103rii cererilor de ofert\u0103 pentru transport interna\u021bional. [&hellip;]<\/p>","protected":false},"author":1,"featured_media":0,"parent":0,"menu_order":0,"comment_status":"closed","ping_status":"open","template":"elementor_header_footer","meta":{"_uag_custom_page_level_css":"","site-sidebar-layout":"default","site-content-layout":"","ast-site-content-layout":"full-width-container","site-content-style":"default","site-sidebar-style":"default","ast-global-header-display":"","ast-banner-title-visibility":"","ast-main-header-display":"","ast-hfb-above-header-display":"","ast-hfb-below-header-display":"","ast-hfb-mobile-header-display":"","site-post-title":"disabled","ast-breadcrumbs-content":"","ast-featured-img":"","footer-sml-layout":"","theme-transparent-header-meta":"","adv-header-id-meta":"","stick-header-meta":"","header-above-stick-meta":"","header-main-stick-meta":"","header-below-stick-meta":"","astra-migrate-meta-layouts":"set","ast-page-background-enabled":"default","ast-page-background-meta":{"desktop":{"background-color":"var(--ast-global-color-4)","background-image":"","background-repeat":"repeat","background-position":"center center","background-size":"auto","background-attachment":"scroll","background-type":"","background-media":"","overlay-type":"","overlay-color":"","overlay-opacity":"","overlay-gradient":""},"tablet":{"background-color":"","background-image":"","background-repeat":"repeat","background-position":"center center","background-size":"auto","background-attachment":"scroll","background-type":"","background-media":"","overlay-type":"","overlay-color":"","overlay-opacity":"","overlay-gradient":""},"mobile":{"background-color":"","background-image":"","background-repeat":"repeat","background-position":"center center","background-size":"auto","background-attachment":"scroll","background-type":"","background-media":"","overlay-type":"","overlay-color":"","overlay-opacity":"","overlay-gradient":""}},"ast-content-background-meta":{"desktop":{"background-color":"var(--ast-global-color-5)","background-image":"","background-repeat":"repeat","background-position":"center center","background-size":"auto","background-attachment":"scroll","background-type":"","background-media":"","overlay-type":"","overlay-color":"","overlay-opacity":"","overlay-gradient":""},"tablet":{"background-color":"var(--ast-global-color-5)","background-image":"","background-repeat":"repeat","background-position":"center center","background-size":"auto","background-attachment":"scroll","background-type":"","background-media":"","overlay-type":"","overlay-color":"","overlay-opacity":"","overlay-gradient":""},"mobile":{"background-color":"var(--ast-global-color-5)","background-image":"","background-repeat":"repeat","background-position":"center center","background-size":"auto","background-attachment":"scroll","background-type":"","background-media":"","overlay-type":"","overlay-color":"","overlay-opacity":"","overlay-gradient":""}},"footnotes":""},"class_list":["post-3","page","type-page","status-publish","hentry"],"uagb_featured_image_src":{"full":false,"thumbnail":false,"medium":false,"medium_large":false,"large":false,"1536x1536":false,"2048x2048":false,"trp-custom-language-flag":false},"uagb_author_info":{"display_name":"ANDRE","author_link":"https:\/\/transporteuropa.eu\/it\/author\/ghitaandreea104gmail-com\/"},"uagb_comment_info":0,"uagb_excerpt":"Politica confiden\u021bialitate Politica de confiden\u021bialitate Confidentialitatea datelor dumneavoastra cu caracter personal reprezinta una dintre preocuparile principale ale ., cu sediul in Jud. , Str. &#8230;, CUI: , Nr. inregistrare: , in calitate de operator de date. Partenerul nostru [Numele firmei din Italia] poate primi datele doar \u00een scopul gestion\u0103rii cererilor de ofert\u0103 pentru transport interna\u021bional.&hellip;","_links":{"self":[{"href":"https:\/\/transporteuropa.eu\/it\/wp-json\/wp\/v2\/pages\/3","targetHints":{"allow":["GET"]}}],"collection":[{"href":"https:\/\/transporteuropa.eu\/it\/wp-json\/wp\/v2\/pages"}],"about":[{"href":"https:\/\/transporteuropa.eu\/it\/wp-json\/wp\/v2\/types\/page"}],"author":[{"embeddable":true,"href":"https:\/\/transporteuropa.eu\/it\/wp-json\/wp\/v2\/users\/1"}],"replies":[{"embeddable":true,"href":"https:\/\/transporteuropa.eu\/it\/wp-json\/wp\/v2\/comments?post=3"}],"version-history":[{"count":31,"href":"https:\/\/transporteuropa.eu\/it\/wp-json\/wp\/v2\/pages\/3\/revisions"}],"predecessor-version":[{"id":3998,"href":"https:\/\/transporteuropa.eu\/it\/wp-json\/wp\/v2\/pages\/3\/revisions\/3998"}],"wp:attachment":[{"href":"https:\/\/transporteuropa.eu\/it\/wp-json\/wp\/v2\/media?parent=3"}],"curies":[{"name":"wp","href":"https:\/\/api.w.org\/{rel}","templated":true}]}}