{"id":3135,"date":"2025-09-06T12:57:30","date_gmt":"2025-09-06T12:57:30","guid":{"rendered":"https:\/\/transporteuropa.eu\/services\/"},"modified":"2025-10-21T10:19:41","modified_gmt":"2025-10-21T10:19:41","slug":"servicii","status":"publish","type":"page","link":"https:\/\/transporteuropa.eu\/it\/servicii\/","title":{"rendered":"Servizi"},"content":{"rendered":"<div data-elementor-type=\"wp-page\" data-elementor-id=\"3135\" class=\"elementor elementor-3135\">\n\t\t\t\t<div class=\"elementor-element elementor-element-122e55f e-flex e-con-boxed e-con e-parent\" data-id=\"122e55f\" data-element_type=\"container\" data-settings=\"{&quot;background_background&quot;:&quot;classic&quot;}\">\n\t\t\t\t\t<div class=\"e-con-inner\">\n\t\t<div class=\"elementor-element elementor-element-d4f38d4 e-con-full e-flex e-con e-child\" data-id=\"d4f38d4\" data-element_type=\"container\">\n\t\t\t\t<div class=\"elementor-element elementor-element-63d7f54 elementor-widget elementor-widget-heading\" data-id=\"63d7f54\" data-element_type=\"widget\" data-widget_type=\"heading.default\">\n\t\t\t\t<div class=\"elementor-widget-container\">\n\t\t\t\t\t<h1 class=\"elementor-heading-title elementor-size-default\">Servizi<\/h1>\t\t\t\t<\/div>\n\t\t\t\t<\/div>\n\t\t\t\t<\/div>\n\t\t\t\t\t<\/div>\n\t\t\t\t<\/div>\n\t\t<div class=\"elementor-element elementor-element-5042c3a e-flex e-con-boxed e-con e-parent\" data-id=\"5042c3a\" data-element_type=\"container\" data-settings=\"{&quot;background_background&quot;:&quot;classic&quot;}\">\n\t\t\t\t\t<div class=\"e-con-inner\">\n\t\t<div class=\"elementor-element elementor-element-eeba45c e-con-full e-flex e-con e-child\" data-id=\"eeba45c\" data-element_type=\"container\">\n\t\t<div class=\"elementor-element elementor-element-76f51b9 e-con-full e-flex e-con e-child\" data-id=\"76f51b9\" data-element_type=\"container\">\n\t\t<div class=\"elementor-element elementor-element-152a051 e-con-full e-flex e-con e-child\" data-id=\"152a051\" data-element_type=\"container\">\n\t\t\t\t<div class=\"elementor-element elementor-element-627be20 elementor-widget elementor-widget-heading\" data-id=\"627be20\" data-element_type=\"widget\" data-widget_type=\"heading.default\">\n\t\t\t\t<div class=\"elementor-widget-container\">\n\t\t\t\t\t<h3 class=\"elementor-heading-title elementor-size-default\">Servizi di trasporto su strada su misura per le tue esigenze<\/h3>\t\t\t\t<\/div>\n\t\t\t\t<\/div>\n\t\t\t\t<div class=\"elementor-element elementor-element-37f5908 elementor-widget elementor-widget-heading\" data-id=\"37f5908\" data-element_type=\"widget\" data-widget_type=\"heading.default\">\n\t\t\t\t<div class=\"elementor-widget-container\">\n\t\t\t\t\t<h2 class=\"elementor-heading-title elementor-size-default\">Transport Europa offre servizi flessibili e professionali, pensati su misura per i clienti che necessitano di consegne rapide, sicure ed efficienti, sia in Romania che in Europa.<\/h2>\t\t\t\t<\/div>\n\t\t\t\t<\/div>\n\t\t\t\t<\/div>\n\t\t\t\t<\/div>\n\t\t\t\t<\/div>\n\t\t\t\t\t<\/div>\n\t\t\t\t<\/div>\n\t\t<div class=\"elementor-element elementor-element-7d908d7b e-con-full e-flex e-con e-parent\" data-id=\"7d908d7b\" data-element_type=\"container\">\n\t\t<div class=\"elementor-element elementor-element-36b03a1d e-con-full e-flex e-con e-child\" data-id=\"36b03a1d\" data-element_type=\"container\" data-settings=\"{&quot;background_background&quot;:&quot;classic&quot;}\">\n\t\t<div class=\"elementor-element elementor-element-7bfe4aa9 e-con-full e-flex e-con e-child\" data-id=\"7bfe4aa9\" data-element_type=\"container\">\n\t\t<div class=\"elementor-element elementor-element-74fe44ea e-con-full e-flex e-con e-child\" data-id=\"74fe44ea\" data-element_type=\"container\">\n\t\t\t\t<div class=\"elementor-element elementor-element-470d835b elementor-widget elementor-widget-heading\" data-id=\"470d835b\" data-element_type=\"widget\" data-widget_type=\"heading.default\">\n\t\t\t\t<div class=\"elementor-widget-container\">\n\t\t\t\t\t<h4 class=\"elementor-heading-title elementor-size-default\">Trasporto nazionale e regionale<\/h4>\t\t\t\t<\/div>\n\t\t\t\t<\/div>\n\t\t\t\t<div class=\"elementor-element elementor-element-7b153577 elementor-widget elementor-widget-heading\" data-id=\"7b153577\" data-element_type=\"widget\" data-widget_type=\"heading.default\">\n\t\t\t\t<div class=\"elementor-widget-container\">\n\t\t\t\t\t<h2 class=\"elementor-heading-title elementor-size-default\">Trasporto su strada in Romania<\/h2>\t\t\t\t<\/div>\n\t\t\t\t<\/div>\n\t\t\t\t<div class=\"elementor-element elementor-element-1613f467 elementor-widget elementor-widget-text-editor\" data-id=\"1613f467\" data-element_type=\"widget\" data-widget_type=\"text-editor.default\">\n\t\t\t\t<div class=\"elementor-widget-container\">\n\t\t\t\t\t\t\t\t\t<p>I nostri servizi <strong>trasporto interno<\/strong> copre tutte le zone della Romania, garantendo consegne rapide e sicure per qualsiasi tipo di carico. <br \/>I camion della nostra flotta sono attrezzati per affrontare qualsiasi condizione stradale, garantendo stabilit\u00e0 e sicurezza lungo tutto il percorso.<\/p><p>Tipi di merci trasportate:<\/p><p>\u2013 Cereali<br \/>\u2013 Altre merci in genere<\/p>\t\t\t\t\t\t\t\t<\/div>\n\t\t\t\t<\/div>\n\t\t\t\t<div class=\"elementor-element elementor-element-6d4c787 elementor-invisible elementor-widget elementor-widget-button\" data-id=\"6d4c787\" data-element_type=\"widget\" data-settings=\"{&quot;_animation&quot;:&quot;slideInDown&quot;}\" data-widget_type=\"button.default\">\n\t\t\t\t<div class=\"elementor-widget-container\">\n\t\t\t\t\t\t\t\t\t<div class=\"elementor-button-wrapper\">\n\t\t\t\t\t<a class=\"elementor-button elementor-button-link elementor-size-sm\" href=\"#\">\n\t\t\t\t\t\t<span class=\"elementor-button-content-wrapper\">\n\t\t\t\t\t\t\t\t\t<span class=\"elementor-button-text\">contattaci!<\/span>\n\t\t\t\t\t<\/span>\n\t\t\t\t\t<\/a>\n\t\t\t\t<\/div>\n\t\t\t\t\t\t\t\t<\/div>\n\t\t\t\t<\/div>\n\t\t\t\t<\/div>\n\t\t\t\t<\/div>\n\t\t\t\t<\/div>\n\t\t<div class=\"elementor-element elementor-element-965ee9d e-con-full e-flex e-con e-child\" data-id=\"965ee9d\" data-element_type=\"container\" data-settings=\"{&quot;background_background&quot;:&quot;classic&quot;}\">\n\t\t<div class=\"elementor-element elementor-element-fdf7638 e-con-full e-flex e-con e-child\" data-id=\"fdf7638\" data-element_type=\"container\">\n\t\t<div class=\"elementor-element elementor-element-bbc3a9a e-con-full e-flex e-con e-child\" data-id=\"bbc3a9a\" data-element_type=\"container\">\n\t\t\t\t<div class=\"elementor-element elementor-element-507ea42 elementor-widget elementor-widget-heading\" data-id=\"507ea42\" data-element_type=\"widget\" data-widget_type=\"heading.default\">\n\t\t\t\t<div class=\"elementor-widget-container\">\n\t\t\t\t\t<h4 class=\"elementor-heading-title elementor-size-default\">Trasporto internazionale<\/h4>\t\t\t\t<\/div>\n\t\t\t\t<\/div>\n\t\t\t\t<div class=\"elementor-element elementor-element-c77a665 elementor-widget elementor-widget-heading\" data-id=\"c77a665\" data-element_type=\"widget\" data-widget_type=\"heading.default\">\n\t\t\t\t<div class=\"elementor-widget-container\">\n\t\t\t\t\t<h2 class=\"elementor-heading-title elementor-size-default\">Trasporto su strada in Europa<\/h2>\t\t\t\t<\/div>\n\t\t\t\t<\/div>\n\t\t\t\t<div class=\"elementor-element elementor-element-5709a78 elementor-widget elementor-widget-text-editor\" data-id=\"5709a78\" data-element_type=\"widget\" data-widget_type=\"text-editor.default\">\n\t\t\t\t<div class=\"elementor-widget-container\">\n\t\t\t\t\t\t\t\t\t<p>Effettuiamo trasporti regolari da <strong>Italia<\/strong> ai paesi in Europa:<br \/>Germania, Francia, Polonia, Repubblica Ceca, Spagna, Austria, Romania, ecc. . <br \/>Collaboriamo con aziende di logistica internazionali di fiducia, tra cui DHL, per garantire consegne rapide ed efficienti, puntando su efficienza, sicurezza e puntualit\u00e0.<\/p><p>Servizi offerti:<\/p><p>&#8211; <strong>Trasporto merci<\/strong> \u2013 per grandi quantit\u00e0 di merci<br \/>&#8211; <strong>Spedizione espressa<\/strong> \u2013 consegna rapida per merci urgenti<\/p>\t\t\t\t\t\t\t\t<\/div>\n\t\t\t\t<\/div>\n\t\t\t\t<div class=\"elementor-element elementor-element-8c1ef03 elementor-invisible elementor-widget elementor-widget-button\" data-id=\"8c1ef03\" data-element_type=\"widget\" data-settings=\"{&quot;_animation&quot;:&quot;slideInDown&quot;}\" data-widget_type=\"button.default\">\n\t\t\t\t<div class=\"elementor-widget-container\">\n\t\t\t\t\t\t\t\t\t<div class=\"elementor-button-wrapper\">\n\t\t\t\t\t<a class=\"elementor-button elementor-button-link elementor-size-sm\" href=\"#\">\n\t\t\t\t\t\t<span class=\"elementor-button-content-wrapper\">\n\t\t\t\t\t\t\t\t\t<span class=\"elementor-button-text\">contattaci!<\/span>\n\t\t\t\t\t<\/span>\n\t\t\t\t\t<\/a>\n\t\t\t\t<\/div>\n\t\t\t\t\t\t\t\t<\/div>\n\t\t\t\t<\/div>\n\t\t\t\t<\/div>\n\t\t\t\t<\/div>\n\t\t\t\t<\/div>\n\t\t<div class=\"elementor-element elementor-element-40961a02 e-con-full e-flex e-con e-child\" data-id=\"40961a02\" data-element_type=\"container\" data-settings=\"{&quot;background_background&quot;:&quot;classic&quot;}\">\n\t\t<div class=\"elementor-element elementor-element-235fbc59 e-con-full e-flex e-con e-child\" data-id=\"235fbc59\" data-element_type=\"container\">\n\t\t<div class=\"elementor-element elementor-element-4e414a59 e-con-full e-flex e-con e-child\" data-id=\"4e414a59\" data-element_type=\"container\">\n\t\t\t\t<div class=\"elementor-element elementor-element-66e23cbd elementor-invisible elementor-widget elementor-widget-heading\" data-id=\"66e23cbd\" data-element_type=\"widget\" data-settings=\"{&quot;_animation&quot;:&quot;fadeInRight&quot;,&quot;_animation_mobile&quot;:&quot;none&quot;}\" data-widget_type=\"heading.default\">\n\t\t\t\t<div class=\"elementor-widget-container\">\n\t\t\t\t\t<h3 class=\"elementor-heading-title elementor-size-default\">Perch\u00e9 lavorare con noi?<\/h3>\t\t\t\t<\/div>\n\t\t\t\t<\/div>\n\t\t\t\t<div class=\"elementor-element elementor-element-72a26d5c elementor-widget elementor-widget-text-editor\" data-id=\"72a26d5c\" data-element_type=\"widget\" data-widget_type=\"text-editor.default\">\n\t\t\t\t<div class=\"elementor-widget-container\">\n\t\t\t\t\t\t\t\t\t<p>\u2013 Flotta moderna e diversificata<br \/>\u2013 Flessibilit\u00e0 e comunicazione costante<br \/>\u2013 Consegne veloci e sicure in Europa<\/p>\t\t\t\t\t\t\t\t<\/div>\n\t\t\t\t<\/div>\n\t\t\t\t<div class=\"elementor-element elementor-element-2943f9a5 elementor-icon-list--layout-traditional elementor-list-item-link-full_width elementor-widget elementor-widget-icon-list\" data-id=\"2943f9a5\" data-element_type=\"widget\" data-settings=\"{&quot;_animation&quot;:&quot;none&quot;}\" data-widget_type=\"icon-list.default\">\n\t\t\t\t<div class=\"elementor-widget-container\">\n\t\t\t\t\t\t\t<ul class=\"elementor-icon-list-items\">\n\t\t\t\t\t\t\t<li class=\"elementor-icon-list-item\">\n\t\t\t\t\t\t\t\t\t\t<span class=\"elementor-icon-list-text\"><\/span>\n\t\t\t\t\t\t\t\t\t<\/li>\n\t\t\t\t\t\t<\/ul>\n\t\t\t\t\t\t<\/div>\n\t\t\t\t<\/div>\n\t\t\t\t<div class=\"elementor-element elementor-element-d63064a elementor-invisible elementor-widget elementor-widget-button\" data-id=\"d63064a\" data-element_type=\"widget\" data-settings=\"{&quot;_animation&quot;:&quot;slideInDown&quot;}\" data-widget_type=\"button.default\">\n\t\t\t\t<div class=\"elementor-widget-container\">\n\t\t\t\t\t\t\t\t\t<div class=\"elementor-button-wrapper\">\n\t\t\t\t\t<a class=\"elementor-button elementor-button-link elementor-size-sm\" href=\"https:\/\/transporteuropa.eu\/it\/cerere-oferta\/\">\n\t\t\t\t\t\t<span class=\"elementor-button-content-wrapper\">\n\t\t\t\t\t\t\t\t\t<span class=\"elementor-button-text\">contattaci!<\/span>\n\t\t\t\t\t<\/span>\n\t\t\t\t\t<\/a>\n\t\t\t\t<\/div>\n\t\t\t\t\t\t\t\t<\/div>\n\t\t\t\t<\/div>\n\t\t\t\t<\/div>\n\t\t\t\t<\/div>\n\t\t\t\t<\/div>\n\t\t\t\t<\/div>\n\t\t<div class=\"elementor-element elementor-element-5476f4ca e-flex e-con-boxed e-con e-parent\" data-id=\"5476f4ca\" data-element_type=\"container\" data-settings=\"{&quot;background_background&quot;:&quot;classic&quot;}\">\n\t\t\t\t\t<div class=\"e-con-inner\">\n\t\t<div class=\"elementor-element elementor-element-1d6766b7 e-con-full e-flex e-con e-child\" data-id=\"1d6766b7\" data-element_type=\"container\">\n\t\t\t\t<div class=\"elementor-element elementor-element-2d32abdf elementor-widget elementor-widget-heading\" data-id=\"2d32abdf\" data-element_type=\"widget\" data-widget_type=\"heading.default\">\n\t\t\t\t<div class=\"elementor-widget-container\">\n\t\t\t\t\t<h4 class=\"elementor-heading-title elementor-size-default\">Soluzioni complete per il trasporto stradale nazionale<\/h4>\t\t\t\t<\/div>\n\t\t\t\t<\/div>\n\t\t\t\t<div class=\"elementor-element elementor-element-691d49fd elementor-widget elementor-widget-heading\" data-id=\"691d49fd\" data-element_type=\"widget\" data-widget_type=\"heading.default\">\n\t\t\t\t<div class=\"elementor-widget-container\">\n\t\t\t\t\t<h2 class=\"elementor-heading-title elementor-size-default\">Trasporto merci nazionale<\/h2>\t\t\t\t<\/div>\n\t\t\t\t<\/div>\n\t\t<div class=\"elementor-element elementor-element-4259ca85 e-con-full e-flex e-con e-child\" data-id=\"4259ca85\" data-element_type=\"container\">\n\t\t\t\t<div class=\"elementor-element elementor-element-7197e95e elementor-widget elementor-widget-text-editor\" data-id=\"7197e95e\" data-element_type=\"widget\" data-widget_type=\"text-editor.default\">\n\t\t\t\t<div class=\"elementor-widget-container\">\n\t\t\t\t\t\t\t\t\t<p data-start=\"302\" data-end=\"565\">Offriamo servizi di <strong>trasporto interno<\/strong> In tutta la Romania, in modo rapido e sicuro, con una flotta moderna e autisti esperti. Siamo specializzati nel trasporto di cereali, ma possiamo trasportare anche altri tipi di merci, a seconda delle esigenze del cliente.<\/p><p data-start=\"567\" data-end=\"584\"><strong data-start=\"567\" data-end=\"584\">Questo tipo di trasporto prevede:<\/strong><\/p><ul><li data-start=\"587\" data-end=\"616\">Trasporto su strada porta a porta<\/li><li data-start=\"619\" data-end=\"680\">Autocarri attrezzati per carichi alla rinfusa (telonati, cassoni ribaltabili, ecc.)<\/li><li data-start=\"683\" data-end=\"748\">Possibilit\u00e0 di trasporto di carichi completi (FTL) o groupage (LTL)<\/li><li data-start=\"751\" data-end=\"776\">Tempi di consegna ottimizzati<\/li><\/ul><p data-start=\"778\" data-end=\"796\"><strong data-start=\"778\" data-end=\"796\">Documenti richiesti:<\/strong><\/p><ul><li data-start=\"799\" data-end=\"827\">CMR (lettera di vettura)<\/li><li data-start=\"830\" data-end=\"865\">Nota di avviso di spedizione \/ Fattura<\/li><li data-start=\"868\" data-end=\"916\">Documenti di tracciabilit\u00e0 (nel caso dei cereali)<\/li><li data-start=\"919\" data-end=\"951\">Contratto di trasporto (facoltativo)<\/li><\/ul><p data-start=\"953\" data-end=\"964\"><strong data-start=\"953\" data-end=\"964\">Autisti:<\/strong><\/p><ul><li data-start=\"967\" data-end=\"1004\">Personale professionale certificato (CPC)<\/li><li data-start=\"1007\" data-end=\"1052\">Esperienza nella movimentazione di prodotti agricoli<\/li><li data-start=\"1055\" data-end=\"1111\">Rispetto delle norme di sicurezza e del codice stradale<\/li><\/ul><p data-start=\"1113\" data-end=\"1146\"><strong data-start=\"1113\" data-end=\"1146\">Merci trasportate (esempi):<\/strong><\/p><ul><li data-start=\"1149\" data-end=\"1189\">Cereali (grano, mais, girasole)<\/li><li data-start=\"1192\" data-end=\"1218\">Mangimi e prodotti agricoli<\/li><li data-start=\"1221\" data-end=\"1245\">Materiali da costruzione<\/li><li data-start=\"1248\" data-end=\"1266\">Pallet industriali<\/li><\/ul>\t\t\t\t\t\t\t\t<\/div>\n\t\t\t\t<\/div>\n\t\t\t\t<\/div>\n\t\t\t\t<\/div>\n\t\t\t\t\t<\/div>\n\t\t\t\t<\/div>\n\t\t<div class=\"elementor-element elementor-element-0661ebe e-flex e-con-boxed e-con e-parent\" data-id=\"0661ebe\" data-element_type=\"container\" data-settings=\"{&quot;background_background&quot;:&quot;classic&quot;}\">\n\t\t\t\t\t<div class=\"e-con-inner\">\n\t\t<div class=\"elementor-element elementor-element-f8dd543 e-con-full e-flex e-con e-child\" data-id=\"f8dd543\" data-element_type=\"container\">\n\t\t\t\t<div class=\"elementor-element elementor-element-0bc95fe elementor-widget elementor-widget-heading\" data-id=\"0bc95fe\" data-element_type=\"widget\" data-widget_type=\"heading.default\">\n\t\t\t\t<div class=\"elementor-widget-container\">\n\t\t\t\t\t<h4 class=\"elementor-heading-title elementor-size-default\">Soluzioni complete per il trasporto internazionale su strada<\/h4>\t\t\t\t<\/div>\n\t\t\t\t<\/div>\n\t\t\t\t<div class=\"elementor-element elementor-element-ff374e1 elementor-widget elementor-widget-heading\" data-id=\"ff374e1\" data-element_type=\"widget\" data-widget_type=\"heading.default\">\n\t\t\t\t<div class=\"elementor-widget-container\">\n\t\t\t\t\t<h2 class=\"elementor-heading-title elementor-size-default\">Trasporti Internazionali \u2013 Italia ed Europa<\/h2>\t\t\t\t<\/div>\n\t\t\t\t<\/div>\n\t\t<div class=\"elementor-element elementor-element-0e7fcdf e-con-full e-flex e-con e-child\" data-id=\"0e7fcdf\" data-element_type=\"container\">\n\t\t\t\t<div class=\"elementor-element elementor-element-daa68a5 elementor-widget elementor-widget-text-editor\" data-id=\"daa68a5\" data-element_type=\"widget\" data-widget_type=\"text-editor.default\">\n\t\t\t\t<div class=\"elementor-widget-container\">\n\t\t\t\t\t\t\t\t\t<p data-start=\"302\" data-end=\"565\">garantire <strong>trasporto internazionale<\/strong> di merci da\/per l&#039;Italia e altri paesi europei. Ci occupiamo di tutte le formalit\u00e0, offriamo tempi di transito competitivi e la massima sicurezza del carico lungo tutto il percorso.<\/p><p data-start=\"567\" data-end=\"584\"><strong data-start=\"567\" data-end=\"584\">Questo tipo di trasporto prevede:<\/strong><\/p><ul><li data-start=\"1584\" data-end=\"1630\">Trasporto regolare Romania \u2013 Italia (andata e ritorno)<\/li><li data-start=\"1633\" data-end=\"1699\">Espansione in altri paesi dell&#039;UE: Germania, Francia, Austria, Ungheria, ecc.<\/li><li data-start=\"1702\" data-end=\"1753\">Servizi personalizzati in base al tipo di carico<\/li><li data-start=\"1756\" data-end=\"1791\">Monitoraggio GPS dei camion 24 ore su 24, 7 giorni su 7<\/li><li data-start=\"1794\" data-end=\"1841\">Possibilit\u00e0 di ricarica parziale o completa<\/li><\/ul><p data-start=\"778\" data-end=\"796\"><strong data-start=\"778\" data-end=\"796\">Documenti richiesti:<\/strong><\/p><ul><li data-start=\"1864\" data-end=\"1881\">CMR internazionale<\/li><li data-start=\"1884\" data-end=\"1906\">Fattura + lista di imballaggio<\/li><li data-start=\"1909\" data-end=\"1949\">Documenti doganali (se applicabile \u2013 extra UE)<\/li><li data-start=\"1952\" data-end=\"1978\">Assicurazione CMR per merci<\/li><li data-start=\"1979\" data-end=\"2035\"><p data-start=\"1981\" data-end=\"2035\">Licenza di trasporto internazionale (detenuta dall&#039;azienda)<\/p><\/li><\/ul><p data-start=\"953\" data-end=\"964\"><strong data-start=\"953\" data-end=\"964\">Cosa interessa al cliente:<\/strong><\/p><ul><li data-start=\"2069\" data-end=\"2092\">Sicurezza dei trasporti<\/li><li data-start=\"2095\" data-end=\"2118\">Tempi di consegna esatti<\/li><li data-start=\"2121\" data-end=\"2141\">Costi trasparenti<\/li><li data-start=\"2144\" data-end=\"2181\">Flessibilit\u00e0 e comunicazione costante<\/li><li data-start=\"2184\" data-end=\"2225\">Possibilit\u00e0 di tracciare la spedizione<\/li><\/ul><p data-start=\"1113\" data-end=\"1146\"><strong data-start=\"1113\" data-end=\"1146\">Tipi di merci trasportate (esempi):<\/strong><\/p><ul><li data-start=\"2263\" data-end=\"2298\">Prodotti agricoli (compresi i cereali)<\/li><li data-start=\"2301\" data-end=\"2356\">Merci in genere (pallet, imballaggi, beni industriali)<\/li><li data-start=\"2359\" data-end=\"2402\">Attrezzature e materiali da costruzione<\/li><\/ul>\t\t\t\t\t\t\t\t<\/div>\n\t\t\t\t<\/div>\n\t\t\t\t<\/div>\n\t\t\t\t<\/div>\n\t\t\t\t\t<\/div>\n\t\t\t\t<\/div>\n\t\t\t\t<\/div>","protected":false},"excerpt":{"rendered":"<p>Servicii Servicii de Transport Rutier Adaptate Nevoilor Tale Transport Europa ofer\u0103 servicii flexibile \u0219i profesionale, adaptate clien\u021bilor care au nevoie de livr\u0103ri rapide, sigure \u0219i eficiente, at\u00e2t \u00een Rom\u00e2nia, c\u00e2t \u0219i \u00een Europa. Transport Intern \u015fi Regional Transport rutier \u00een Rom\u00e2nia Serviciile noastre de transport intern acoper\u0103 toate zonele din Rom\u00e2nia, asigur\u00e2nd livr\u0103ri rapide \u0219i [&hellip;]<\/p>","protected":false},"author":1,"featured_media":0,"parent":0,"menu_order":0,"comment_status":"closed","ping_status":"closed","template":"","meta":{"_uag_custom_page_level_css":"","site-sidebar-layout":"no-sidebar","site-content-layout":"page-builder","ast-site-content-layout":"full-width-container","site-content-style":"unboxed","site-sidebar-style":"unboxed","ast-global-header-display":"","ast-banner-title-visibility":"","ast-main-header-display":"","ast-hfb-above-header-display":"","ast-hfb-below-header-display":"","ast-hfb-mobile-header-display":"","site-post-title":"disabled","ast-breadcrumbs-content":"disabled","ast-featured-img":"disabled","footer-sml-layout":"","theme-transparent-header-meta":"enabled","adv-header-id-meta":"","stick-header-meta":"","header-above-stick-meta":"","header-main-stick-meta":"","header-below-stick-meta":"","astra-migrate-meta-layouts":"set","ast-page-background-enabled":"default","ast-page-background-meta":{"desktop":{"background-color":"var(--ast-global-color-4)","background-image":"","background-repeat":"repeat","background-position":"center center","background-size":"auto","background-attachment":"scroll","background-type":"","background-media":"","overlay-type":"","overlay-color":"","overlay-opacity":"","overlay-gradient":""},"tablet":{"background-color":"","background-image":"","background-repeat":"repeat","background-position":"center center","background-size":"auto","background-attachment":"scroll","background-type":"","background-media":"","overlay-type":"","overlay-color":"","overlay-opacity":"","overlay-gradient":""},"mobile":{"background-color":"","background-image":"","background-repeat":"repeat","background-position":"center center","background-size":"auto","background-attachment":"scroll","background-type":"","background-media":"","overlay-type":"","overlay-color":"","overlay-opacity":"","overlay-gradient":""}},"ast-content-background-meta":{"desktop":{"background-color":"var(--ast-global-color-5)","background-image":"","background-repeat":"repeat","background-position":"center center","background-size":"auto","background-attachment":"scroll","background-type":"","background-media":"","overlay-type":"","overlay-color":"","overlay-opacity":"","overlay-gradient":""},"tablet":{"background-color":"var(--ast-global-color-5)","background-image":"","background-repeat":"repeat","background-position":"center center","background-size":"auto","background-attachment":"scroll","background-type":"","background-media":"","overlay-type":"","overlay-color":"","overlay-opacity":"","overlay-gradient":""},"mobile":{"background-color":"var(--ast-global-color-5)","background-image":"","background-repeat":"repeat","background-position":"center center","background-size":"auto","background-attachment":"scroll","background-type":"","background-media":"","overlay-type":"","overlay-color":"","overlay-opacity":"","overlay-gradient":""}},"footnotes":""},"class_list":["post-3135","page","type-page","status-publish","hentry"],"uagb_featured_image_src":{"full":false,"thumbnail":false,"medium":false,"medium_large":false,"large":false,"1536x1536":false,"2048x2048":false,"trp-custom-language-flag":false},"uagb_author_info":{"display_name":"ANDRE","author_link":"https:\/\/transporteuropa.eu\/it\/author\/ghitaandreea104gmail-com\/"},"uagb_comment_info":0,"uagb_excerpt":"Servicii Servicii de Transport Rutier Adaptate Nevoilor Tale Transport Europa ofer\u0103 servicii flexibile \u0219i profesionale, adaptate clien\u021bilor care au nevoie de livr\u0103ri rapide, sigure \u0219i eficiente, at\u00e2t \u00een Rom\u00e2nia, c\u00e2t \u0219i \u00een Europa. Transport Intern \u015fi Regional Transport rutier \u00een Rom\u00e2nia Serviciile noastre de transport intern acoper\u0103 toate zonele din Rom\u00e2nia, asigur\u00e2nd livr\u0103ri rapide \u0219i&hellip;","_links":{"self":[{"href":"https:\/\/transporteuropa.eu\/it\/wp-json\/wp\/v2\/pages\/3135","targetHints":{"allow":["GET"]}}],"collection":[{"href":"https:\/\/transporteuropa.eu\/it\/wp-json\/wp\/v2\/pages"}],"about":[{"href":"https:\/\/transporteuropa.eu\/it\/wp-json\/wp\/v2\/types\/page"}],"author":[{"embeddable":true,"href":"https:\/\/transporteuropa.eu\/it\/wp-json\/wp\/v2\/users\/1"}],"replies":[{"embeddable":true,"href":"https:\/\/transporteuropa.eu\/it\/wp-json\/wp\/v2\/comments?post=3135"}],"version-history":[{"count":70,"href":"https:\/\/transporteuropa.eu\/it\/wp-json\/wp\/v2\/pages\/3135\/revisions"}],"predecessor-version":[{"id":3938,"href":"https:\/\/transporteuropa.eu\/it\/wp-json\/wp\/v2\/pages\/3135\/revisions\/3938"}],"wp:attachment":[{"href":"https:\/\/transporteuropa.eu\/it\/wp-json\/wp\/v2\/media?parent=3135"}],"curies":[{"name":"wp","href":"https:\/\/api.w.org\/{rel}","templated":true}]}}