{"id":3434,"date":"2025-09-20T10:55:27","date_gmt":"2025-09-20T10:55:27","guid":{"rendered":"https:\/\/transporteuropa.eu\/?page_id=3434"},"modified":"2025-11-01T14:04:58","modified_gmt":"2025-11-01T14:04:58","slug":"cerere-oferta","status":"publish","type":"page","link":"https:\/\/transporteuropa.eu\/it\/cerere-oferta\/","title":{"rendered":"Richiedi un&#039;offerta"},"content":{"rendered":"<div data-elementor-type=\"wp-page\" data-elementor-id=\"3434\" class=\"elementor elementor-3434\">\n\t\t\t\t<div class=\"elementor-element elementor-element-5934b602 e-flex e-con-boxed e-con e-parent\" data-id=\"5934b602\" data-element_type=\"container\" data-settings=\"{&quot;background_background&quot;:&quot;classic&quot;}\">\n\t\t\t\t\t<div class=\"e-con-inner\">\n\t\t<div class=\"elementor-element elementor-element-49f187e2 e-con-full e-flex e-con e-child\" data-id=\"49f187e2\" data-element_type=\"container\">\n\t\t\t\t<div class=\"elementor-element elementor-element-673f2fa7 elementor-widget elementor-widget-heading\" data-id=\"673f2fa7\" data-element_type=\"widget\" data-widget_type=\"heading.default\">\n\t\t\t\t<div class=\"elementor-widget-container\">\n\t\t\t\t\t<h1 class=\"elementor-heading-title elementor-size-default\">Richiedi un&#039;offerta<\/h1>\t\t\t\t<\/div>\n\t\t\t\t<\/div>\n\t\t\t\t<\/div>\n\t\t\t\t\t<\/div>\n\t\t\t\t<\/div>\n\t\t<div class=\"elementor-element elementor-element-7b30d3a9 e-flex e-con-boxed e-con e-parent\" data-id=\"7b30d3a9\" data-element_type=\"container\" data-settings=\"{&quot;background_background&quot;:&quot;classic&quot;}\">\n\t\t\t\t\t<div class=\"e-con-inner\">\n\t\t<div class=\"elementor-element elementor-element-7ee09e74 e-con-full e-flex e-con e-child\" data-id=\"7ee09e74\" data-element_type=\"container\">\n\t\t\t\t<div class=\"elementor-element elementor-element-7a341db elementor-widget elementor-widget-heading\" data-id=\"7a341db\" data-element_type=\"widget\" data-widget_type=\"heading.default\">\n\t\t\t\t<div class=\"elementor-widget-container\">\n\t\t\t\t\t<h3 class=\"elementor-heading-title elementor-size-default\">Richiedi un preventivo per il trasporto su strada<\/h3>\t\t\t\t<\/div>\n\t\t\t\t<\/div>\n\t\t\t\t<div class=\"elementor-element elementor-element-3333991a elementor-widget elementor-widget-heading\" data-id=\"3333991a\" data-element_type=\"widget\" data-widget_type=\"heading.default\">\n\t\t\t\t<div class=\"elementor-widget-container\">\n\t\t\t\t\t<h6 class=\"elementor-heading-title elementor-size-default\">Compila il modulo sottostante per ricevere un&#039;offerta personalizzata in base ai dettagli della tua spedizione. Risponderemo alla tua richiesta il prima possibile. Compilando questo modulo, accetti i termini e le condizioni.  <a href=\"https:\/\/transporteuropa.eu\/it\/politica-de-confidentialitate\/\" style=\"color:#ff6210;text-decoration:none\">\npolitica sulla riservatezza\n<\/a>.<\/h6>\t\t\t\t<\/div>\n\t\t\t\t<\/div>\n\t\t\t\t<\/div>\n\t\t\t\t\t<\/div>\n\t\t\t\t<\/div>\n\t\t<div class=\"elementor-element elementor-element-f42f214 e-flex e-con-boxed e-con e-parent\" data-id=\"f42f214\" data-element_type=\"container\" data-settings=\"{&quot;background_background&quot;:&quot;classic&quot;}\">\n\t\t\t\t\t<div class=\"e-con-inner\">\n\t\t\t\t<div class=\"elementor-element elementor-element-5591c3d elementor-widget elementor-widget-wpforms\" data-id=\"5591c3d\" data-element_type=\"widget\" data-widget_type=\"wpforms.default\">\n\t\t\t\t<div class=\"elementor-widget-container\">\n\t\t\t\t\t<div class=\"wpforms-container\" id=\"wpforms-3370\"><form id=\"wpforms-form-3370\" class=\"wpforms-validate wpforms-form wpforms-ajax-form\" data-formid=\"3370\" method=\"post\" enctype=\"multipart\/form-data\" action=\"\/it\/wp-json\/wp\/v2\/pages\/3434\" data-token=\"c0677b5fc30d2845770f9d5d9f448098\" data-token-time=\"1776434011\" data-trp-original-action=\"\/it\/wp-json\/wp\/v2\/pages\/3434\"><noscript class=\"wpforms-error-noscript\">Abilita JavaScript nel browser per completare questo modulo.<\/noscript><div class=\"wpforms-field-container\"><div id=\"wpforms-3370-field_1-container\" class=\"wpforms-field wpforms-field-name\" data-field-id=\"1\"><label class=\"wpforms-field-label\" for=\"wpforms-3370-field_1\">NOME <span class=\"wpforms-required-label\">*<\/span><\/label><input type=\"text\" id=\"wpforms-3370-field_1\" class=\"wpforms-field-medium wpforms-field-required\" name=\"wpforms[fields][1]\" required><\/div><div id=\"wpforms-3370-field_5-container\" class=\"wpforms-field wpforms-field-name\" data-field-id=\"5\"><label class=\"wpforms-field-label\" for=\"wpforms-3370-field_5\">TELEFONO <span class=\"wpforms-required-label\">*<\/span><\/label><input type=\"text\" id=\"wpforms-3370-field_5\" class=\"wpforms-field-medium wpforms-field-required\" name=\"wpforms[fields][5]\" required><\/div><div id=\"wpforms-3370-field_2-container\" class=\"wpforms-field wpforms-field-email\" data-field-id=\"2\"><label class=\"wpforms-field-label\" for=\"wpforms-3370-field_2\">E-MAIL <span class=\"wpforms-required-label\">*<\/span><\/label><input type=\"email\" id=\"wpforms-3370-field_2\" class=\"wpforms-field-medium wpforms-field-required\" name=\"wpforms[fields][2]\" spellcheck=\"false\" required><\/div><div id=\"wpforms-3370-field_7-container\" class=\"wpforms-field wpforms-field-select wpforms-field-select-style-classic\" data-field-id=\"7\"><label class=\"wpforms-field-label\" for=\"wpforms-3370-field_7\">TIPO DI TRASPORTO <span class=\"wpforms-required-label\">*<\/span><\/label><select id=\"wpforms-3370-field_7\" class=\"wpforms-field-medium wpforms-field-required\" name=\"wpforms[fields][7]\" required=\"required\"><option value=\"INTERN\"  class=\"choice-1 depth-1\"  >INTERNO<\/option><option value=\"INTERNATIONAL\"  selected='selected' class=\"choice-2 depth-1\"  >INTERNAZIONALE<\/option><\/select><\/div><div id=\"wpforms-3370-field_15-container\" class=\"wpforms-field wpforms-field-name\" data-field-id=\"15\"><label class=\"wpforms-field-label\" for=\"wpforms-3370-field_15\">PARTENZA DA <span class=\"wpforms-required-label\">*<\/span><\/label><input type=\"text\" id=\"wpforms-3370-field_15\" class=\"wpforms-field-medium wpforms-field-required\" name=\"wpforms[fields][15]\" required><\/div><div id=\"wpforms-3370-field_16-container\" class=\"wpforms-field wpforms-field-name\" data-field-id=\"16\"><label class=\"wpforms-field-label\" for=\"wpforms-3370-field_16\">DESTINAZIONE <span class=\"wpforms-required-label\">*<\/span><\/label><input type=\"text\" id=\"wpforms-3370-field_16\" class=\"wpforms-field-medium wpforms-field-required\" name=\"wpforms[fields][16]\" required><\/div><div id=\"wpforms-3370-field_17-container\" class=\"wpforms-field wpforms-field-name\" data-field-id=\"17\"><label class=\"wpforms-field-label\" for=\"wpforms-3370-field_17\">DATA DI CARICO <span class=\"wpforms-required-label\">*<\/span><\/label><input type=\"text\" id=\"wpforms-3370-field_17\" class=\"wpforms-field-medium wpforms-field-required\" name=\"wpforms[fields][17]\" required><\/div>\t\t<div id=\"wpforms-3370-field_4-container\"\n\t\t\tclass=\"wpforms-field wpforms-field-text\"\n\t\t\tdata-field-type=\"text\"\n\t\t\tdata-field-id=\"4\"\n\t\t\t>\n\t\t\t<label class=\"wpforms-field-label\" for=\"wpforms-3370-field_4\" >TIP NUME GREUTATE<\/label>\n\t\t\t<input type=\"text\" id=\"wpforms-3370-field_4\" class=\"wpforms-field-medium\" name=\"wpforms[fields][4]\" >\n\t\t<\/div>\n\t\t<div id=\"wpforms-3370-field_18-container\" class=\"wpforms-field wpforms-field-name\" data-field-id=\"18\"><label class=\"wpforms-field-label\" for=\"wpforms-3370-field_18\">TIPO DI MERCE <span class=\"wpforms-required-label\">*<\/span><\/label><input type=\"text\" id=\"wpforms-3370-field_18\" class=\"wpforms-field-medium wpforms-field-required\" name=\"wpforms[fields][18]\" required><\/div><div id=\"wpforms-3370-field_3-container\" class=\"wpforms-field wpforms-field-textarea\" data-field-id=\"3\"><label class=\"wpforms-field-label\" for=\"wpforms-3370-field_3\">ULTERIORI DETTAGLI, METODO DI IMBALLAGGIO, DIMENSIONI, PESO<\/label><textarea id=\"wpforms-3370-field_3\" class=\"wpforms-field-medium\" name=\"wpforms[fields][3]\" ><\/textarea><\/div><div id=\"wpforms-3370-field_20-container\" class=\"wpforms-field wpforms-field-gdpr-checkbox\" data-field-id=\"20\"><ul id=\"wpforms-3370-field_20\" class=\"wpforms-field-required\"><li class=\"choice-1\"><input type=\"checkbox\" id=\"wpforms-3370-field_20_1\" name=\"wpforms[fields][20][]\" value=\"Sunt de acord ca datele mele personale s\u0103 fie prelucrate de Transport Europa, cu scopul de a r\u0103spunde solicit\u0103rii mele.\" required><label class=\"wpforms-field-label-inline\" for=\"wpforms-3370-field_20_1\">Acconsento al trattamento dei miei dati personali da parte di Transport Europa per rispondere alla mia richiesta.<\/label><\/li><\/ul><\/div><script>\n\t\t\t\t( function() {\n\t\t\t\t\tconst style = document.createElement( 'style' );\n\t\t\t\t\tstyle.appendChild( document.createTextNode( '#wpforms-3370-field_4-container { position: absolute !important; overflow: hidden !important; display: inline !important; height: 1px !important; width: 1px !important; z-index: -1000 !important; padding: 0 !important; } #wpforms-3370-field_4-container input { visibility: hidden; } #wpforms-conversational-form-page #wpforms-3370-field_4-container label { counter-increment: none; }' ) );\n\t\t\t\t\tdocument.head.appendChild( style );\n\t\t\t\t\tdocument.currentScript?.remove();\n\t\t\t\t} )();\n\t\t\t<\/script><\/div><!-- .wpforms-field-container --><div class=\"wpforms-recaptcha-container wpforms-is-recaptcha wpforms-is-recaptcha-type-v2\" ><div class=\"g-recaptcha\" data-sitekey=\"6LeWYM8rAAAAACucBMJ98g87M9JqgqePPdyTmt3j\"><\/div><input type=\"text\" name=\"g-recaptcha-hidden\" class=\"wpforms-recaptcha-hidden\" style=\"position:absolute!important;clip:rect(0,0,0,0)!important;height:1px!important;width:1px!important;border:0!important;overflow:hidden!important;padding:0!important;margin:0!important;\" data-rule-recaptcha=\"1\"><\/div><div class=\"wpforms-submit-container\" ><input type=\"hidden\" name=\"wpforms[id]\" value=\"3370\"><input type=\"hidden\" name=\"page_title\" value=\"\"><input type=\"hidden\" name=\"page_url\" value=\"https:\/\/transporteuropa.eu\/it\/wp-json\/wp\/v2\/pages\/3434\"><input type=\"hidden\" name=\"url_referer\" value=\"\"><button type=\"submit\" name=\"wpforms[submit]\" id=\"wpforms-submit-3370\" class=\"wpforms-submit\" aria-live=\"assertive\" value=\"wpforms-submit\">INVIARE<\/button><img decoding=\"async\" src=\"https:\/\/transporteuropa.eu\/wp-content\/plugins\/wpforms-lite\/assets\/images\/submit-spin.svg\" class=\"wpforms-submit-spinner\" style=\"display: none;\" width=\"26\" height=\"26\" alt=\"Caricamento\" title=\"Richiedi un&#039;offerta\"><\/div><input type=\"hidden\" name=\"trp-form-language\" value=\"it\"\/><\/form><\/div>  <!-- .wpforms-container -->\t\t\t\t<\/div>\n\t\t\t\t<\/div>\n\t\t\t\t\t<\/div>\n\t\t\t\t<\/div>\n\t\t\t\t<\/div>","protected":false},"excerpt":{"rendered":"<p>Cerere Ofert\u0103 Solicit\u0103 o Ofert\u0103 de Transport Rutier Completeaz\u0103 formularul de mai jos pentru a primi o ofert\u0103 personalizat\u0103 \u00een func\u021bie de detaliile transportului t\u0103u. Vom r\u0103spunde solicit\u0103rii tale, \u00een cel mai scurt timp posibil. Prin completarea acestuia, e\u0219ti de acord cu politica de confiden\u021bialitate . Please enable JavaScript in your browser to complete this [&hellip;]<\/p>","protected":false},"author":1,"featured_media":0,"parent":0,"menu_order":0,"comment_status":"closed","ping_status":"closed","template":"","meta":{"_uag_custom_page_level_css":"","site-sidebar-layout":"no-sidebar","site-content-layout":"page-builder","ast-site-content-layout":"full-width-container","site-content-style":"default","site-sidebar-style":"default","ast-global-header-display":"","ast-banner-title-visibility":"","ast-main-header-display":"","ast-hfb-above-header-display":"","ast-hfb-below-header-display":"","ast-hfb-mobile-header-display":"","site-post-title":"disabled","ast-breadcrumbs-content":"","ast-featured-img":"disabled","footer-sml-layout":"","theme-transparent-header-meta":"","adv-header-id-meta":"","stick-header-meta":"","header-above-stick-meta":"","header-main-stick-meta":"","header-below-stick-meta":"","astra-migrate-meta-layouts":"set","ast-page-background-enabled":"default","ast-page-background-meta":{"desktop":{"background-color":"var(--ast-global-color-4)","background-image":"","background-repeat":"repeat","background-position":"center center","background-size":"auto","background-attachment":"scroll","background-type":"","background-media":"","overlay-type":"","overlay-color":"","overlay-opacity":"","overlay-gradient":""},"tablet":{"background-color":"","background-image":"","background-repeat":"repeat","background-position":"center center","background-size":"auto","background-attachment":"scroll","background-type":"","background-media":"","overlay-type":"","overlay-color":"","overlay-opacity":"","overlay-gradient":""},"mobile":{"background-color":"","background-image":"","background-repeat":"repeat","background-position":"center center","background-size":"auto","background-attachment":"scroll","background-type":"","background-media":"","overlay-type":"","overlay-color":"","overlay-opacity":"","overlay-gradient":""}},"ast-content-background-meta":{"desktop":{"background-color":"var(--ast-global-color-5)","background-image":"","background-repeat":"repeat","background-position":"center center","background-size":"auto","background-attachment":"scroll","background-type":"","background-media":"","overlay-type":"","overlay-color":"","overlay-opacity":"","overlay-gradient":""},"tablet":{"background-color":"var(--ast-global-color-5)","background-image":"","background-repeat":"repeat","background-position":"center center","background-size":"auto","background-attachment":"scroll","background-type":"","background-media":"","overlay-type":"","overlay-color":"","overlay-opacity":"","overlay-gradient":""},"mobile":{"background-color":"var(--ast-global-color-5)","background-image":"","background-repeat":"repeat","background-position":"center center","background-size":"auto","background-attachment":"scroll","background-type":"","background-media":"","overlay-type":"","overlay-color":"","overlay-opacity":"","overlay-gradient":""}},"footnotes":""},"class_list":["post-3434","page","type-page","status-publish","hentry"],"uagb_featured_image_src":{"full":false,"thumbnail":false,"medium":false,"medium_large":false,"large":false,"1536x1536":false,"2048x2048":false,"trp-custom-language-flag":false},"uagb_author_info":{"display_name":"ANDRE","author_link":"https:\/\/transporteuropa.eu\/it\/author\/ghitaandreea104gmail-com\/"},"uagb_comment_info":0,"uagb_excerpt":"Cerere Ofert\u0103 Solicit\u0103 o Ofert\u0103 de Transport Rutier Completeaz\u0103 formularul de mai jos pentru a primi o ofert\u0103 personalizat\u0103 \u00een func\u021bie de detaliile transportului t\u0103u. Vom r\u0103spunde solicit\u0103rii tale, \u00een cel mai scurt timp posibil. Prin completarea acestuia, e\u0219ti de acord cu politica de confiden\u021bialitate . Please enable JavaScript in your browser to complete this&hellip;","_links":{"self":[{"href":"https:\/\/transporteuropa.eu\/it\/wp-json\/wp\/v2\/pages\/3434","targetHints":{"allow":["GET"]}}],"collection":[{"href":"https:\/\/transporteuropa.eu\/it\/wp-json\/wp\/v2\/pages"}],"about":[{"href":"https:\/\/transporteuropa.eu\/it\/wp-json\/wp\/v2\/types\/page"}],"author":[{"embeddable":true,"href":"https:\/\/transporteuropa.eu\/it\/wp-json\/wp\/v2\/users\/1"}],"replies":[{"embeddable":true,"href":"https:\/\/transporteuropa.eu\/it\/wp-json\/wp\/v2\/comments?post=3434"}],"version-history":[{"count":34,"href":"https:\/\/transporteuropa.eu\/it\/wp-json\/wp\/v2\/pages\/3434\/revisions"}],"predecessor-version":[{"id":4041,"href":"https:\/\/transporteuropa.eu\/it\/wp-json\/wp\/v2\/pages\/3434\/revisions\/4041"}],"wp:attachment":[{"href":"https:\/\/transporteuropa.eu\/it\/wp-json\/wp\/v2\/media?parent=3434"}],"curies":[{"name":"wp","href":"https:\/\/api.w.org\/{rel}","templated":true}]}}